{"id":104,"date":"2017-04-29T13:20:30","date_gmt":"2017-04-29T11:20:30","guid":{"rendered":"http:\/\/tti.asso.fr\/?page_id=104"},"modified":"2018-04-05T09:51:39","modified_gmt":"2018-04-05T07:51:39","slug":"evenements-2","status":"publish","type":"page","link":"https:\/\/tti.asso.fr\/index.php\/la-vie-du-club\/evenements-2\/","title":{"rendered":"Ev\u00e9nements"},"content":{"rendered":"<h2><\/h2>\n<h2 style=\"text-align: center;\"><span style=\"color: #ff0000;\"><strong>Les \u00e9v\u00e9nements de la saison 2017-2018<\/strong><\/span><\/h2>\n<p>&nbsp;<\/p>\n<ul>\n<li><span style=\"color: #000000;\"><strong>Tournoi National du TTI =&gt; 27,28 et 29 Octobre<\/strong><\/span><\/li>\n<li><span style=\"color: #000000;\"><strong>Tournoi Poker =&gt; Mardi 24 Avril\u00a0<\/strong><\/span><\/li>\n<li><strong><span style=\"color: #000000;\">Tournoi cr\u00eapes (avec de vrais po\u00eales \u00e0 cr\u00eape) =&gt; 13 F\u00e9vrier<\/span><\/strong><\/li>\n<li><span style=\"color: #000000;\"><strong>Loto =&gt; non<\/strong><\/span><\/li>\n<li><strong><span style=\"color: #000000;\">Barbecue =&gt; 26 Mai (sous r\u00e9serve de confirmation de la mairie)<\/span><\/strong><\/li>\n<li><span style=\"color: #000000;\"><strong>Soir\u00e9e Ping- Foot avec bar =&gt; Mardi 24 avril<\/strong><\/span><\/li>\n<\/ul>\n<p>&nbsp;<\/p>\n","protected":false},"excerpt":{"rendered":"<p>Les \u00e9v\u00e9nements de la saison 2017-2018 &nbsp; Tournoi National du TTI =&gt; 27,28 et 29 Octobre Tournoi Poker =&gt; Mardi 24 Avril\u00a0 Tournoi cr\u00eapes (avec de vrais po\u00eales \u00e0 cr\u00eape) =&gt; 13 F\u00e9vrier Loto =&gt; non Barbecue =&gt; 26 Mai (sous r\u00e9serve de confirmation de la mairie) Soir\u00e9e Ping- Foot avec bar =&gt; Mardi 24 <a class=\"read-more\" href=\"https:\/\/tti.asso.fr\/index.php\/la-vie-du-club\/evenements-2\/\">Read More<\/a><\/p>\n","protected":false},"author":1,"featured_media":0,"parent":105,"menu_order":0,"comment_status":"closed","ping_status":"closed","template":"","meta":[],"_links":{"self":[{"href":"https:\/\/tti.asso.fr\/index.php\/wp-json\/wp\/v2\/pages\/104"}],"collection":[{"href":"https:\/\/tti.asso.fr\/index.php\/wp-json\/wp\/v2\/pages"}],"about":[{"href":"https:\/\/tti.asso.fr\/index.php\/wp-json\/wp\/v2\/types\/page"}],"author":[{"embeddable":true,"href":"https:\/\/tti.asso.fr\/index.php\/wp-json\/wp\/v2\/users\/1"}],"replies":[{"embeddable":true,"href":"https:\/\/tti.asso.fr\/index.php\/wp-json\/wp\/v2\/comments?post=104"}],"version-history":[{"count":8,"href":"https:\/\/tti.asso.fr\/index.php\/wp-json\/wp\/v2\/pages\/104\/revisions"}],"predecessor-version":[{"id":1301,"href":"https:\/\/tti.asso.fr\/index.php\/wp-json\/wp\/v2\/pages\/104\/revisions\/1301"}],"up":[{"embeddable":true,"href":"https:\/\/tti.asso.fr\/index.php\/wp-json\/wp\/v2\/pages\/105"}],"wp:attachment":[{"href":"https:\/\/tti.asso.fr\/index.php\/wp-json\/wp\/v2\/media?parent=104"}],"curies":[{"name":"wp","href":"https:\/\/api.w.org\/{rel}","templated":true}]}}