{"id":115,"date":"2017-04-29T13:53:53","date_gmt":"2017-04-29T11:53:53","guid":{"rendered":"http:\/\/tti.asso.fr\/?page_id=115"},"modified":"2017-04-29T13:57:13","modified_gmt":"2017-04-29T11:57:13","slug":"liens-rapides","status":"publish","type":"page","link":"https:\/\/tti.asso.fr\/index.php\/communication\/liens-rapides\/","title":{"rendered":"Liens rapides"},"content":{"rendered":"<p style=\"text-align: left;\"><a href=\"http:\/\/www.fftt.com\/site\/\"><img loading=\"lazy\" class=\"alignnone size-full wp-image-116 alignleft\" src=\"http:\/\/tti.asso.fr\/wp-content\/uploads\/2017\/04\/logo_coq.gif\" alt=\"\" width=\"154\" height=\"100\" \/><\/a><\/p>\n<p style=\"text-align: left;\">\u00a0F\u00e9d\u00e9ration Fran\u00e7aise de Tennis de Table (FFTT)<\/p>\n<p style=\"text-align: left;\"><a href=\"http:\/\/www.fftt.com\/site\/\">http:\/\/www.fftt.com\/site\/<\/a><\/p>\n<p style=\"text-align: right;\"><a href=\"http:\/\/www.cd62tt.com\/generale.htm\"><img loading=\"lazy\" class=\"wp-image-117 alignright\" src=\"http:\/\/tti.asso.fr\/wp-content\/uploads\/2017\/04\/CD62.jpg\" alt=\"\" width=\"119\" height=\"119\" \/><\/a><\/p>\n<p style=\"text-align: right;\">Comit\u00e9 D\u00e9partemental du Pas de Calais (CD62 TT) :<\/p>\n<p style=\"text-align: right;\"><a href=\"http:\/\/www.cd62tt.com\/generale.htm\">http:\/\/www.cd62tt.com\/generale.htm<\/a><\/p>\n<p><a href=\"http:\/\/www.cd62tt.com\/ligue.htm\"><img loading=\"lazy\" class=\" wp-image-118 alignleft\" src=\"http:\/\/tti.asso.fr\/wp-content\/uploads\/2017\/04\/ligue_hdf_tt_100.png\" alt=\"\" width=\"114\" height=\"114\" \/><\/a><\/p>\n<p style=\"text-align: left;\">Ligue des Hauts de France (LHF)<\/p>\n<p style=\"text-align: left;\"><a href=\"http:\/\/www.cd62tt.com\/ligue.htm\">http:\/\/www.cd62tt.com\/ligue.htm<\/a><\/p>\n<p>&nbsp;<\/p>\n<p><img loading=\"lazy\" class=\"wp-image-121 alignright\" src=\"http:\/\/tti.asso.fr\/wp-content\/uploads\/2017\/04\/FFH-TT.png\" alt=\"\" width=\"209\" height=\"135\" \/><\/p>\n<p>&nbsp;<\/p>\n<p style=\"text-align: right;\">F\u00e9d\u00e9ration Fran\u00e7aise Handisport de Tennis de Table (FFHTT) :<\/p>\n<p style=\"text-align: right;\"><a href=\"http:\/\/tthandisport.org\/\">http:\/\/tthandisport.org\/<\/a><\/p>\n<p style=\"text-align: right;\"><img loading=\"lazy\" class=\"wp-image-119 alignleft\" src=\"http:\/\/tti.asso.fr\/wp-content\/uploads\/2017\/04\/chping.jpg\" alt=\"\" width=\"115\" height=\"115\" srcset=\"https:\/\/tti.asso.fr\/wp-content\/uploads\/2017\/04\/chping.jpg 225w, https:\/\/tti.asso.fr\/wp-content\/uploads\/2017\/04\/chping-150x150.jpg 150w\" sizes=\"(max-width: 115px) 100vw, 115px\" \/><\/p>\n<p style=\"text-align: left;\">Forum r\u00e9gional Ch&rsquo;ping :<\/p>\n<p style=\"text-align: left;\"><a href=\"http:\/\/chping.forumactif.com\/forum\">http:\/\/chping.forumactif.com\/forum<\/a><\/p>\n<p>&nbsp;<\/p>\n<p><img loading=\"lazy\" class=\"wp-image-120 alignright\" src=\"http:\/\/tti.asso.fr\/wp-content\/uploads\/2017\/04\/facebook-icon-preview-1.png\" alt=\"\" width=\"125\" height=\"125\" srcset=\"https:\/\/tti.asso.fr\/wp-content\/uploads\/2017\/04\/facebook-icon-preview-1.png 512w, https:\/\/tti.asso.fr\/wp-content\/uploads\/2017\/04\/facebook-icon-preview-1-150x150.png 150w, https:\/\/tti.asso.fr\/wp-content\/uploads\/2017\/04\/facebook-icon-preview-1-300x300.png 300w\" sizes=\"(max-width: 125px) 100vw, 125px\" \/><\/p>\n<p style=\"text-align: right;\">\n<p style=\"text-align: right;\">Page Facebook du TTI<\/p>\n<p style=\"text-align: right;\">\u00a0<a href=\"https:\/\/www.facebook.com\/groups\/222787157747350\/\">https:\/\/www.facebook.com\/groups\/222787157747350\/<\/a><\/p>\n<p style=\"text-align: right;\"><img loading=\"lazy\" class=\"wp-image-122 alignleft\" src=\"http:\/\/tti.asso.fr\/wp-content\/uploads\/2017\/04\/youtube.png\" alt=\"\" width=\"140\" height=\"140\" srcset=\"https:\/\/tti.asso.fr\/wp-content\/uploads\/2017\/04\/youtube.png 225w, https:\/\/tti.asso.fr\/wp-content\/uploads\/2017\/04\/youtube-150x150.png 150w\" sizes=\"(max-width: 140px) 100vw, 140px\" \/><\/p>\n<p>&nbsp;<\/p>\n<p style=\"text-align: left;\">Vid\u00e9os Best-of \u00a0\u00e9quipe 1 de Maurin<\/p>\n<p style=\"text-align: left;\"><a href=\"https:\/\/www.youtube.com\/channel\/UCGXORFGsqjn5aZVSFujo5Fw\">https:\/\/www.youtube.com\/channel\/UCGXORFGsqjn5aZVSFujo5Fw<\/a><\/p>\n<p>&nbsp;<\/p>\n<p>&nbsp;<\/p>\n","protected":false},"excerpt":{"rendered":"<p>\u00a0F\u00e9d\u00e9ration Fran\u00e7aise de Tennis de Table (FFTT) http:\/\/www.fftt.com\/site\/ Comit\u00e9 D\u00e9partemental du Pas de Calais (CD62 TT) : http:\/\/www.cd62tt.com\/generale.htm Ligue des Hauts de France (LHF) http:\/\/www.cd62tt.com\/ligue.htm &nbsp; &nbsp; F\u00e9d\u00e9ration Fran\u00e7aise Handisport de Tennis de Table (FFHTT) : http:\/\/tthandisport.org\/ Forum r\u00e9gional Ch&rsquo;ping : http:\/\/chping.forumactif.com\/forum &nbsp; Page Facebook du TTI \u00a0https:\/\/www.facebook.com\/groups\/222787157747350\/ &nbsp; Vid\u00e9os Best-of \u00a0\u00e9quipe 1 de Maurin <a class=\"read-more\" href=\"https:\/\/tti.asso.fr\/index.php\/communication\/liens-rapides\/\">Read More<\/a><\/p>\n","protected":false},"author":1,"featured_media":0,"parent":40,"menu_order":0,"comment_status":"closed","ping_status":"closed","template":"","meta":[],"_links":{"self":[{"href":"https:\/\/tti.asso.fr\/index.php\/wp-json\/wp\/v2\/pages\/115"}],"collection":[{"href":"https:\/\/tti.asso.fr\/index.php\/wp-json\/wp\/v2\/pages"}],"about":[{"href":"https:\/\/tti.asso.fr\/index.php\/wp-json\/wp\/v2\/types\/page"}],"author":[{"embeddable":true,"href":"https:\/\/tti.asso.fr\/index.php\/wp-json\/wp\/v2\/users\/1"}],"replies":[{"embeddable":true,"href":"https:\/\/tti.asso.fr\/index.php\/wp-json\/wp\/v2\/comments?post=115"}],"version-history":[{"count":4,"href":"https:\/\/tti.asso.fr\/index.php\/wp-json\/wp\/v2\/pages\/115\/revisions"}],"predecessor-version":[{"id":126,"href":"https:\/\/tti.asso.fr\/index.php\/wp-json\/wp\/v2\/pages\/115\/revisions\/126"}],"up":[{"embeddable":true,"href":"https:\/\/tti.asso.fr\/index.php\/wp-json\/wp\/v2\/pages\/40"}],"wp:attachment":[{"href":"https:\/\/tti.asso.fr\/index.php\/wp-json\/wp\/v2\/media?parent=115"}],"curies":[{"name":"wp","href":"https:\/\/api.w.org\/{rel}","templated":true}]}}