{"id":127,"date":"2017-04-29T14:02:47","date_gmt":"2017-04-29T12:02:47","guid":{"rendered":"http:\/\/tti.asso.fr\/?page_id=127"},"modified":"2020-09-02T14:50:52","modified_gmt":"2020-09-02T12:50:52","slug":"entrainements","status":"publish","type":"page","link":"https:\/\/tti.asso.fr\/index.php\/infos\/entrainements\/","title":{"rendered":"Entrainements"},"content":{"rendered":"<p style=\"text-align: left;\"><span style=\"color: #0000ff;\"><strong>Les entra\u00eenements sont dispens\u00e9s par trois entra\u00eeneurs salari\u00e9s (Vincent, Loik et Herv\u00e9 Bize (intervenant ext\u00e9rieur)) et trois entra\u00eeneurs b\u00e9n\u00e9voles (Xavier, Benjamin et Herv\u00e9 Bernard =&gt;Baby-ping) !<\/strong><\/span><\/p>\n<p style=\"text-align: center;\"><span style=\"color: #ff0000;\"><strong>Les tables sont destin\u00e9es en priorit\u00e9 aux entra\u00eenements dirig\u00e9s.<\/strong><\/span><\/p>\n<p style=\"text-align: center;\"><a href=\"https:\/\/tti.asso.fr\/wp-content\/uploads\/2020\/09\/Planning-entrainement-hebdo-2020-2021.xls\">Planning-entra\u00eenement-hebdo-2020-2021<\/a><\/p>\n<p style=\"text-align: center;\"><img loading=\"lazy\" class=\"alignnone size-full wp-image-1533\" src=\"https:\/\/tti.asso.fr\/wp-content\/uploads\/2020\/09\/planning-entrainement-hebdo-2020-2021.jpg\" alt=\"\" width=\"947\" height=\"536\" srcset=\"https:\/\/tti.asso.fr\/wp-content\/uploads\/2020\/09\/planning-entrainement-hebdo-2020-2021.jpg 947w, https:\/\/tti.asso.fr\/wp-content\/uploads\/2020\/09\/planning-entrainement-hebdo-2020-2021-300x170.jpg 300w, https:\/\/tti.asso.fr\/wp-content\/uploads\/2020\/09\/planning-entrainement-hebdo-2020-2021-768x435.jpg 768w\" sizes=\"(max-width: 947px) 100vw, 947px\" \/><\/p>\n<p style=\"text-align: left;\"><span style=\"color: #ff0000;\"><strong>A noter: Une licence ext\u00e9rieure \u00e0 60\u20ac donne seulement droit \u00e0 l&rsquo;entra\u00eenement dirig\u00e9 du mardi (-1200 pts) ou du jeudi (+1200 pts).<br \/>\n<\/strong><\/span><span style=\"color: #ff0000;\"><strong>Une licence ext\u00e9rieure \u00e0 87\u20ac permet la s\u00e9ance dirig\u00e9e + un acc\u00e8s en libre aux tables le reste de la semaine.<\/strong><\/span><\/p>\n","protected":false},"excerpt":{"rendered":"<p>Les entra\u00eenements sont dispens\u00e9s par trois entra\u00eeneurs salari\u00e9s (Vincent, Loik et Herv\u00e9 Bize (intervenant ext\u00e9rieur)) et trois entra\u00eeneurs b\u00e9n\u00e9voles (Xavier, Benjamin et Herv\u00e9 Bernard =&gt;Baby-ping) ! Les tables sont destin\u00e9es en priorit\u00e9 aux entra\u00eenements dirig\u00e9s. Planning-entra\u00eenement-hebdo-2020-2021 A noter: Une licence ext\u00e9rieure \u00e0 60\u20ac donne seulement droit \u00e0 l&rsquo;entra\u00eenement dirig\u00e9 du mardi (-1200 pts) ou du <a class=\"read-more\" href=\"https:\/\/tti.asso.fr\/index.php\/infos\/entrainements\/\">Read More<\/a><\/p>\n","protected":false},"author":1,"featured_media":0,"parent":87,"menu_order":0,"comment_status":"closed","ping_status":"closed","template":"","meta":[],"_links":{"self":[{"href":"https:\/\/tti.asso.fr\/index.php\/wp-json\/wp\/v2\/pages\/127"}],"collection":[{"href":"https:\/\/tti.asso.fr\/index.php\/wp-json\/wp\/v2\/pages"}],"about":[{"href":"https:\/\/tti.asso.fr\/index.php\/wp-json\/wp\/v2\/types\/page"}],"author":[{"embeddable":true,"href":"https:\/\/tti.asso.fr\/index.php\/wp-json\/wp\/v2\/users\/1"}],"replies":[{"embeddable":true,"href":"https:\/\/tti.asso.fr\/index.php\/wp-json\/wp\/v2\/comments?post=127"}],"version-history":[{"count":9,"href":"https:\/\/tti.asso.fr\/index.php\/wp-json\/wp\/v2\/pages\/127\/revisions"}],"predecessor-version":[{"id":1534,"href":"https:\/\/tti.asso.fr\/index.php\/wp-json\/wp\/v2\/pages\/127\/revisions\/1534"}],"up":[{"embeddable":true,"href":"https:\/\/tti.asso.fr\/index.php\/wp-json\/wp\/v2\/pages\/87"}],"wp:attachment":[{"href":"https:\/\/tti.asso.fr\/index.php\/wp-json\/wp\/v2\/media?parent=127"}],"curies":[{"name":"wp","href":"https:\/\/api.w.org\/{rel}","templated":true}]}}