{"id":131,"date":"2017-04-29T14:23:30","date_gmt":"2017-04-29T12:23:30","guid":{"rendered":"http:\/\/tti.asso.fr\/?page_id=131"},"modified":"2017-07-12T23:05:12","modified_gmt":"2017-07-12T21:05:12","slug":"sondages","status":"publish","type":"page","link":"https:\/\/tti.asso.fr\/index.php\/communication\/sondages\/","title":{"rendered":"Sondages"},"content":{"rendered":"<h4 style=\"text-align: center;\"><span style=\"color: #ff0000;\"><strong>Merci aux membres du TTI ou autre personne int\u00e9ress\u00e9e par les \u00e9v\u00e9nements du TTI de bien vouloir r\u00e9pondre aux sondages, afin d&rsquo;organiser et vous satisfaire au mieux !<\/strong><\/span><\/h4>\n<ul>\n<li><\/li>\n<\/ul>\n","protected":false},"excerpt":{"rendered":"<p>Merci aux membres du TTI ou autre personne int\u00e9ress\u00e9e par les \u00e9v\u00e9nements du TTI de bien vouloir r\u00e9pondre aux sondages, afin d&rsquo;organiser et vous satisfaire au mieux !<\/p>\n","protected":false},"author":1,"featured_media":0,"parent":40,"menu_order":0,"comment_status":"closed","ping_status":"closed","template":"","meta":[],"_links":{"self":[{"href":"https:\/\/tti.asso.fr\/index.php\/wp-json\/wp\/v2\/pages\/131"}],"collection":[{"href":"https:\/\/tti.asso.fr\/index.php\/wp-json\/wp\/v2\/pages"}],"about":[{"href":"https:\/\/tti.asso.fr\/index.php\/wp-json\/wp\/v2\/types\/page"}],"author":[{"embeddable":true,"href":"https:\/\/tti.asso.fr\/index.php\/wp-json\/wp\/v2\/users\/1"}],"replies":[{"embeddable":true,"href":"https:\/\/tti.asso.fr\/index.php\/wp-json\/wp\/v2\/comments?post=131"}],"version-history":[{"count":2,"href":"https:\/\/tti.asso.fr\/index.php\/wp-json\/wp\/v2\/pages\/131\/revisions"}],"predecessor-version":[{"id":851,"href":"https:\/\/tti.asso.fr\/index.php\/wp-json\/wp\/v2\/pages\/131\/revisions\/851"}],"up":[{"embeddable":true,"href":"https:\/\/tti.asso.fr\/index.php\/wp-json\/wp\/v2\/pages\/40"}],"wp:attachment":[{"href":"https:\/\/tti.asso.fr\/index.php\/wp-json\/wp\/v2\/media?parent=131"}],"curies":[{"name":"wp","href":"https:\/\/api.w.org\/{rel}","templated":true}]}}