{"id":133,"date":"2017-04-29T14:24:05","date_gmt":"2017-04-29T12:24:05","guid":{"rendered":"http:\/\/tti.asso.fr\/?page_id=133"},"modified":"2017-05-16T12:47:06","modified_gmt":"2017-05-16T10:47:06","slug":"le-club-house","status":"publish","type":"page","link":"https:\/\/tti.asso.fr\/index.php\/la-vie-du-club\/le-club-house\/","title":{"rendered":"Le Club House"},"content":{"rendered":"<p style=\"text-align: center;\"><strong><span style=\"color: #000000;\">Depuis Septembre 2016, le TTI a r\u00e9am\u00e9nag\u00e9 la mezzanine de la salle Jean Bernard en espace de d\u00e9tente.<\/span><\/strong><\/p>\n<p style=\"text-align: center;\"><strong><span style=\"color: #000000;\">Venez profiter du calme pour travailler, r\u00e9cup\u00e9rer ou partager un moment convivial au sein du club.<\/span><\/strong><\/p>\n<p style=\"text-align: center;\"><span style=\"color: #0000ff;\"><b>L&rsquo;espace d\u00e9tente ou travail.<\/b><\/span><\/p>\n<p style=\"text-align: center;\"><img loading=\"lazy\" class=\"alignnone wp-image-707 size-large\" src=\"https:\/\/tti.asso.fr\/wp-content\/uploads\/2017\/04\/Club-House-2-1024x576.jpg\" alt=\"\" width=\"640\" height=\"360\" srcset=\"https:\/\/tti.asso.fr\/wp-content\/uploads\/2017\/04\/Club-House-2-1024x576.jpg 1024w, https:\/\/tti.asso.fr\/wp-content\/uploads\/2017\/04\/Club-House-2-300x169.jpg 300w, https:\/\/tti.asso.fr\/wp-content\/uploads\/2017\/04\/Club-House-2-768x432.jpg 768w\" sizes=\"(max-width: 640px) 100vw, 640px\" \/><\/p>\n<p style=\"text-align: center;\"><span style=\"color: #0000ff;\"><strong>Le plus dur, c&rsquo;est de choisir !<\/strong><\/span><\/p>\n<p style=\"text-align: center;\"><img loading=\"lazy\" class=\"alignnone wp-image-703 size-large\" src=\"https:\/\/tti.asso.fr\/wp-content\/uploads\/2017\/05\/Club-House-1024x576.jpg\" alt=\"\" width=\"640\" height=\"360\" srcset=\"https:\/\/tti.asso.fr\/wp-content\/uploads\/2017\/05\/Club-House-1024x576.jpg 1024w, https:\/\/tti.asso.fr\/wp-content\/uploads\/2017\/05\/Club-House-300x169.jpg 300w, https:\/\/tti.asso.fr\/wp-content\/uploads\/2017\/05\/Club-House-768x432.jpg 768w\" sizes=\"(max-width: 640px) 100vw, 640px\" \/><\/p>\n<p style=\"text-align: center;\"><strong><span style=\"color: #0000ff;\">A quand un championnat sur mini-table ?<\/span><\/strong><\/p>\n<p style=\"text-align: center;\"><img loading=\"lazy\" class=\"alignnone wp-image-704 size-large\" src=\"https:\/\/tti.asso.fr\/wp-content\/uploads\/2017\/05\/Mini-table-1024x576.jpg\" alt=\"\" width=\"640\" height=\"360\" srcset=\"https:\/\/tti.asso.fr\/wp-content\/uploads\/2017\/05\/Mini-table-1024x576.jpg 1024w, https:\/\/tti.asso.fr\/wp-content\/uploads\/2017\/05\/Mini-table-300x169.jpg 300w, https:\/\/tti.asso.fr\/wp-content\/uploads\/2017\/05\/Mini-table-768x432.jpg 768w\" sizes=\"(max-width: 640px) 100vw, 640px\" \/><\/p>\n","protected":false},"excerpt":{"rendered":"<p>Depuis Septembre 2016, le TTI a r\u00e9am\u00e9nag\u00e9 la mezzanine de la salle Jean Bernard en espace de d\u00e9tente. Venez profiter du calme pour travailler, r\u00e9cup\u00e9rer ou partager un moment convivial au sein du club. L&rsquo;espace d\u00e9tente ou travail. Le plus dur, c&rsquo;est de choisir ! A quand un championnat sur mini-table ?<\/p>\n","protected":false},"author":1,"featured_media":0,"parent":105,"menu_order":0,"comment_status":"closed","ping_status":"closed","template":"","meta":[],"_links":{"self":[{"href":"https:\/\/tti.asso.fr\/index.php\/wp-json\/wp\/v2\/pages\/133"}],"collection":[{"href":"https:\/\/tti.asso.fr\/index.php\/wp-json\/wp\/v2\/pages"}],"about":[{"href":"https:\/\/tti.asso.fr\/index.php\/wp-json\/wp\/v2\/types\/page"}],"author":[{"embeddable":true,"href":"https:\/\/tti.asso.fr\/index.php\/wp-json\/wp\/v2\/users\/1"}],"replies":[{"embeddable":true,"href":"https:\/\/tti.asso.fr\/index.php\/wp-json\/wp\/v2\/comments?post=133"}],"version-history":[{"count":4,"href":"https:\/\/tti.asso.fr\/index.php\/wp-json\/wp\/v2\/pages\/133\/revisions"}],"predecessor-version":[{"id":708,"href":"https:\/\/tti.asso.fr\/index.php\/wp-json\/wp\/v2\/pages\/133\/revisions\/708"}],"up":[{"embeddable":true,"href":"https:\/\/tti.asso.fr\/index.php\/wp-json\/wp\/v2\/pages\/105"}],"wp:attachment":[{"href":"https:\/\/tti.asso.fr\/index.php\/wp-json\/wp\/v2\/media?parent=133"}],"curies":[{"name":"wp","href":"https:\/\/api.w.org\/{rel}","templated":true}]}}