{"id":1334,"date":"2018-09-18T11:33:21","date_gmt":"2018-09-18T09:33:21","guid":{"rendered":"https:\/\/tti.asso.fr\/?page_id=1334"},"modified":"2018-09-18T11:37:10","modified_gmt":"2018-09-18T09:37:10","slug":"tournoi-national-tti-2018","status":"publish","type":"page","link":"https:\/\/tti.asso.fr\/index.php\/tournoi-national-tti-2018\/","title":{"rendered":"Tournoi National TTI 2018"},"content":{"rendered":"<h2 style=\"text-align: center;\"><em><strong>Les 2,3 et 4 novembre 2018<\/strong><\/em><\/h2>\n<p style=\"text-align: left;\">Comme chaque ann\u00e9e, le TTI Saint Laurent Blangy organise son tournoi nationnal!<\/p>\n<p style=\"text-align: left;\">Organis\u00e9 sur 27 tables et avec plus de 3000\u20ac de dotation, le tournoi se d\u00e9roule dans une ambiance conviviale et avec 29 s\u00e9ries r\u00e9parties sur ces 3 jours.<\/p>\n<p style=\"text-align: left;\">Pour tout renseignement ou inscription, adressez vous \u00e0 Fran\u00e7ois Demarthe (06 09 82 60 41) ou par mail : &#102;&#x72;a&#x6e;c&#111;&#x69;s&#x64;e&#109;&#x61;r&#x74;h&#x65;&#x40;h&#x6f;t&#x6d;a&#105;&#x6c;.&#x66;r<\/p>\n<p><img loading=\"lazy\" class=\"alignnone size-full wp-image-1335\" src=\"https:\/\/tti.asso.fr\/wp-content\/uploads\/2018\/09\/41589719_10156835453597754_8784165416990670848_o.jpg\" alt=\"\" width=\"1448\" height=\"2048\" srcset=\"https:\/\/tti.asso.fr\/wp-content\/uploads\/2018\/09\/41589719_10156835453597754_8784165416990670848_o.jpg 1448w, https:\/\/tti.asso.fr\/wp-content\/uploads\/2018\/09\/41589719_10156835453597754_8784165416990670848_o-212x300.jpg 212w, https:\/\/tti.asso.fr\/wp-content\/uploads\/2018\/09\/41589719_10156835453597754_8784165416990670848_o-768x1086.jpg 768w, https:\/\/tti.asso.fr\/wp-content\/uploads\/2018\/09\/41589719_10156835453597754_8784165416990670848_o-724x1024.jpg 724w\" sizes=\"(max-width: 1448px) 100vw, 1448px\" \/><\/p>\n<p>&nbsp;<\/p>\n<p>&nbsp;<\/p>\n","protected":false},"excerpt":{"rendered":"<p>Les 2,3 et 4 novembre 2018 Comme chaque ann\u00e9e, le TTI Saint Laurent Blangy organise son tournoi nationnal! Organis\u00e9 sur 27 tables et avec plus de 3000\u20ac de dotation, le tournoi se d\u00e9roule dans une ambiance conviviale et avec 29 s\u00e9ries r\u00e9parties sur ces 3 jours. Pour tout renseignement ou inscription, adressez vous \u00e0 Fran\u00e7ois <a class=\"read-more\" href=\"https:\/\/tti.asso.fr\/index.php\/tournoi-national-tti-2018\/\">Read More<\/a><\/p>\n","protected":false},"author":1,"featured_media":0,"parent":0,"menu_order":0,"comment_status":"closed","ping_status":"closed","template":"","meta":[],"_links":{"self":[{"href":"https:\/\/tti.asso.fr\/index.php\/wp-json\/wp\/v2\/pages\/1334"}],"collection":[{"href":"https:\/\/tti.asso.fr\/index.php\/wp-json\/wp\/v2\/pages"}],"about":[{"href":"https:\/\/tti.asso.fr\/index.php\/wp-json\/wp\/v2\/types\/page"}],"author":[{"embeddable":true,"href":"https:\/\/tti.asso.fr\/index.php\/wp-json\/wp\/v2\/users\/1"}],"replies":[{"embeddable":true,"href":"https:\/\/tti.asso.fr\/index.php\/wp-json\/wp\/v2\/comments?post=1334"}],"version-history":[{"count":2,"href":"https:\/\/tti.asso.fr\/index.php\/wp-json\/wp\/v2\/pages\/1334\/revisions"}],"predecessor-version":[{"id":1338,"href":"https:\/\/tti.asso.fr\/index.php\/wp-json\/wp\/v2\/pages\/1334\/revisions\/1338"}],"wp:attachment":[{"href":"https:\/\/tti.asso.fr\/index.php\/wp-json\/wp\/v2\/media?parent=1334"}],"curies":[{"name":"wp","href":"https:\/\/api.w.org\/{rel}","templated":true}]}}