{"id":36,"date":"2018-01-08T19:09:37","date_gmt":"2018-01-08T18:09:37","guid":{"rendered":"http:\/\/tti.asso.fr\/?page_id=36"},"modified":"2018-01-10T11:19:14","modified_gmt":"2018-01-10T10:19:14","slug":"championnat-jeune","status":"publish","type":"page","link":"https:\/\/tti.asso.fr\/index.php\/competitions\/championnat-jeune\/","title":{"rendered":"Championnat Jeune"},"content":{"rendered":"<h5 style=\"text-align: left;\"><span style=\"color: #0000ff;\"><strong>Le championnat jeune se d\u00e9roule le samedi apr\u00e8s-midi \u00e0 14H et 15h30 (5 \u00e0 7 fois par phase). Une \u00e9quipe est compos\u00e9e de 2 ou 3 joueurs.<br \/>\n<\/strong><\/span><span style=\"color: #0000ff;\"><strong>Une rencontre se d\u00e9roule sous la formule coupe Davis (2 simples &#8211; 1 double &#8211; 2 simples).<br \/>\n<\/strong><\/span><\/h5>\n<h5 style=\"text-align: left;\"><strong><span style=\"color: #0000ff;\">Les parents doivent accompagner les enfants, car chaque \u00e9quipe joue \u00e0 un endroit diff\u00e9rent.<br \/>\nLes rencontres se d\u00e9roulent souvent \u00e0 30 min de Saint Laurent au maximum.<br \/>\nParfois deux \u00e9quipes jouent au m\u00eame endroit.<br \/>\nLe TTI se propose pour organiser des rencontres, mais c&rsquo;est le comit\u00e9 d\u00e9partemental qui d\u00e9cide de lieu des rencontres.<\/span><\/strong><\/h5>\n<h5><strong><span style=\"color: #333333;\">La saison 2017-2018 phase 2 :<\/span><\/strong><\/h5>\n<p><strong><span style=\"color: #333333;\">Deux \u00e9quipes jeunes seront engag\u00e9es. Une en J1 et une en J2.<\/span><\/strong><\/p>\n<h5><strong><span style=\"color: #333333;\">Cinq Jeunes participeront \u00e0 cette phase.<\/span><\/strong><\/h5>\n<p><span style=\"color: #ff0000;\"><strong>La poule J1 :<\/strong><\/span><br \/>\n<strong><a href=\"https:\/\/tti.asso.fr\/wp-content\/uploads\/2017\/04\/CHJ_J1-2017_2018_ph2.pdf\">CHJ_J1-2017_2018_ph2<\/a><\/strong><\/p>\n<p><span style=\"color: #ff0000;\"><strong>La poule J2 :<br \/>\n<a href=\"https:\/\/tti.asso.fr\/wp-content\/uploads\/2017\/04\/CHJ_J2-2017_2018_ph2.pdf\">CHJ_J2-2017_2018_ph2<\/a><br \/>\n<\/strong><\/span><\/p>\n<hr \/>\n<p><!--more--><\/p>\n<h5><strong>La saison 2017-2018 phase 1 :<\/strong><\/h5>\n<h5><strong>Trois \u00e9quipes du TTI sont engag\u00e9es en championnat jeune. Deux \u00e9quipes en J1 et une \u00e9quipe en J2.<\/strong><\/h5>\n<h5><strong>Sept Jeunes participeront \u00e0 cette premi\u00e8re phase !<\/strong><\/h5>\n<h5>En \u00e9quipe 1 et 2 (Niveau J1) :<\/h5>\n<ul>\n<li><span style=\"color: #000000;\"><strong>Lorenzo Ghienne<\/strong><\/span><\/li>\n<li><span style=\"color: #000000;\"><strong>Mathis Ternoy<\/strong><\/span><\/li>\n<li><span style=\"color: #000000;\"><strong>Romain Queva<\/strong><\/span><\/li>\n<li><span style=\"color: #000000;\"><strong>Antoine Pringarbe<\/strong><\/span><\/li>\n<li><span style=\"color: #000000;\"><strong>No\u00e9 Mal\u00e9cot<\/strong><\/span><\/li>\n<\/ul>\n<p>&nbsp;<\/p>\n<h5>En \u00e9quipe 3 (Niveau J2) :<\/h5>\n<ul>\n<li><span style=\"color: #000000;\"><strong>Robinson Grulois<\/strong><\/span><\/li>\n<li><span style=\"color: #000000;\"><strong>Sofian Derycker<\/strong><\/span><\/li>\n<\/ul>\n<p>&nbsp;<\/p>\n<p><strong><span style=\"color: #ff0000;\">Come on TTI !<\/span><\/strong><\/p>\n","protected":false},"excerpt":{"rendered":"<p>Le championnat jeune se d\u00e9roule le samedi apr\u00e8s-midi \u00e0 14H et 15h30 (5 \u00e0 7 fois par phase). Une \u00e9quipe est compos\u00e9e de 2 ou 3 joueurs. Une rencontre se d\u00e9roule sous la formule coupe Davis (2 simples &#8211; 1 double &#8211; 2 simples). Les parents doivent accompagner les enfants, car chaque \u00e9quipe joue \u00e0 <a class=\"read-more\" href=\"https:\/\/tti.asso.fr\/index.php\/competitions\/championnat-jeune\/\">Read More<\/a><\/p>\n","protected":false},"author":1,"featured_media":0,"parent":49,"menu_order":0,"comment_status":"closed","ping_status":"closed","template":"","meta":[],"_links":{"self":[{"href":"https:\/\/tti.asso.fr\/index.php\/wp-json\/wp\/v2\/pages\/36"}],"collection":[{"href":"https:\/\/tti.asso.fr\/index.php\/wp-json\/wp\/v2\/pages"}],"about":[{"href":"https:\/\/tti.asso.fr\/index.php\/wp-json\/wp\/v2\/types\/page"}],"author":[{"embeddable":true,"href":"https:\/\/tti.asso.fr\/index.php\/wp-json\/wp\/v2\/users\/1"}],"replies":[{"embeddable":true,"href":"https:\/\/tti.asso.fr\/index.php\/wp-json\/wp\/v2\/comments?post=36"}],"version-history":[{"count":11,"href":"https:\/\/tti.asso.fr\/index.php\/wp-json\/wp\/v2\/pages\/36\/revisions"}],"predecessor-version":[{"id":1118,"href":"https:\/\/tti.asso.fr\/index.php\/wp-json\/wp\/v2\/pages\/36\/revisions\/1118"}],"up":[{"embeddable":true,"href":"https:\/\/tti.asso.fr\/index.php\/wp-json\/wp\/v2\/pages\/49"}],"wp:attachment":[{"href":"https:\/\/tti.asso.fr\/index.php\/wp-json\/wp\/v2\/media?parent=36"}],"curies":[{"name":"wp","href":"https:\/\/api.w.org\/{rel}","templated":true}]}}