{"id":40,"date":"2017-04-28T19:10:52","date_gmt":"2017-04-28T17:10:52","guid":{"rendered":"http:\/\/tti.asso.fr\/?page_id=40"},"modified":"2017-04-28T19:10:52","modified_gmt":"2017-04-28T17:10:52","slug":"communication","status":"publish","type":"page","link":"https:\/\/tti.asso.fr\/index.php\/communication\/","title":{"rendered":"Communication"},"content":{"rendered":"<h1 style=\"text-align: center;\"><span style=\"color: #999999;\"><strong>&#8211; Retrouver des archives<\/strong><\/span><\/h1>\n<h1 style=\"text-align: center;\"><span style=\"color: #999999;\"><strong>&#8211; Donner votre avis<\/strong><\/span><\/h1>\n<h1 style=\"text-align: center;\"><span style=\"color: #999999;\"><strong>&#8211; Participer aux sondages<\/strong><\/span><\/h1>\n<h1 style=\"text-align: center;\"><span style=\"color: #999999;\"><strong>&#8211; Lire la revue TTI News<\/strong><\/span><\/h1>\n<h1 style=\"text-align: center;\"><span style=\"color: #999999;\"><strong>&#8211; Acc\u00e9der aux documents interne (r\u00e9serv\u00e9 au bureau)<\/strong><\/span><\/h1>\n","protected":false},"excerpt":{"rendered":"<p>&#8211; Retrouver des archives &#8211; Donner votre avis &#8211; Participer aux sondages &#8211; Lire la revue TTI News &#8211; Acc\u00e9der aux documents interne (r\u00e9serv\u00e9 au bureau)<\/p>\n","protected":false},"author":1,"featured_media":0,"parent":0,"menu_order":0,"comment_status":"closed","ping_status":"closed","template":"","meta":[],"_links":{"self":[{"href":"https:\/\/tti.asso.fr\/index.php\/wp-json\/wp\/v2\/pages\/40"}],"collection":[{"href":"https:\/\/tti.asso.fr\/index.php\/wp-json\/wp\/v2\/pages"}],"about":[{"href":"https:\/\/tti.asso.fr\/index.php\/wp-json\/wp\/v2\/types\/page"}],"author":[{"embeddable":true,"href":"https:\/\/tti.asso.fr\/index.php\/wp-json\/wp\/v2\/users\/1"}],"replies":[{"embeddable":true,"href":"https:\/\/tti.asso.fr\/index.php\/wp-json\/wp\/v2\/comments?post=40"}],"version-history":[{"count":1,"href":"https:\/\/tti.asso.fr\/index.php\/wp-json\/wp\/v2\/pages\/40\/revisions"}],"predecessor-version":[{"id":42,"href":"https:\/\/tti.asso.fr\/index.php\/wp-json\/wp\/v2\/pages\/40\/revisions\/42"}],"wp:attachment":[{"href":"https:\/\/tti.asso.fr\/index.php\/wp-json\/wp\/v2\/media?parent=40"}],"curies":[{"name":"wp","href":"https:\/\/api.w.org\/{rel}","templated":true}]}}