{"id":60,"date":"2017-04-28T19:28:29","date_gmt":"2017-04-28T17:28:29","guid":{"rendered":"http:\/\/tti.asso.fr\/?page_id=60"},"modified":"2017-07-20T10:48:55","modified_gmt":"2017-07-20T08:48:55","slug":"la-salle","status":"publish","type":"page","link":"https:\/\/tti.asso.fr\/index.php\/infos\/la-salle\/","title":{"rendered":"La salle"},"content":{"rendered":"<h1><em>T.T.I. Saint Laurent Blangy<\/em><\/h1>\n<div>\n<p><span style=\"color: #1c1c21;\"><span class=\"majuscule\">Tennis de table<\/span> \u00e0 <span class=\"majuscule\">SAINT-LAURENT-BLANGY<\/span>, 62223<\/span><\/p>\n<p><span style=\"color: #1c1c21;\">Arrageois, Communaut\u00e9 Urbaine d&rsquo;Arras<\/span><\/p>\n<p><img loading=\"lazy\" class=\" wp-image-61 alignleft\" src=\"http:\/\/tti.asso.fr\/wp-content\/uploads\/2017\/04\/108175_large-300x170-300x170.jpg\" alt=\"\" width=\"393\" height=\"223\" \/><span style=\"color: #1c1c21;\"><strong>Type de pratique<\/strong> : Loisirs \/ Comp\u00e9tition<\/span><br \/>\n<span style=\"color: #1c1c21;\"><strong>Lieu de pratique<\/strong> : Salle Jean Zay, rue du 8 Mai 1945 62223 SAINT LAURENT BLANGY<\/span><br \/>\n<span style=\"color: #1c1c21;\"><strong>Type de terrain<\/strong> : Salle sp\u00e9cifique \/\/\/ Gymnase<\/span><\/p>\n<p><span style=\"color: #1c1c21;\"><strong>Contact:<\/strong><\/span><br \/>\n<span style=\"color: #1c1c21;\"><strong>T\u00e9l\u00e9phone Salle<\/strong> : 03 21 59 98 31 (17h \u00e0 20h) (Absent du 15 juillet au 15 ao\u00fbt et vacances de No\u00ebl).<\/span><br \/>\n<span style=\"color: #1c1c21;\"><strong>T\u00e9l\u00e9phone Pr\u00e9sident<\/strong> : 06 82 78 61 10<\/span><br \/>\n<span style=\"color: #1c1c21;\"><strong>adresse mail<\/strong>: <a class=\"form_type\" style=\"color: #1c1c21;\" href=\"http:\/\/www.pasdecalais.fr\/Formulaire-de-contact\/%28accessiform_afdestinataire_5%29\/116_101_110_110_105_115_100_101_116_97_98_108_101_45_105_109_109_101_114_99_117_114_105_101_110_64_119_97_110_97_100_111_111_46_102_114_\">&#x74;&#x65;&#x6e;&#x6e;&#105;&#115;det&#x61;&#x62;&#x6c;&#x65;&#x69;&#109;&#109;erc&#x75;&#x72;&#x69;&#x65;&#x6e;&#64;&#119;ana&#x64;&#x6f;&#x6f;&#x2e;&#x66;&#114; <\/a><\/span><br \/>\n<span style=\"color: #1c1c21;\"><strong>Site internet<\/strong> : https:\/\/tti.asso.fr\/<\/span><\/p>\n<div class=\"clear-float\">\r\n    <\/div>\r\n<div class=\"huge_it_google_map_container\">\r\n    <div id=\"huge_it_google_map_289\" data-map_id=\"1\"\r\n         class=\"huge_it_google_map\" style=\"\r\n    position:relative !important;\r\n    height:300px;\r\n    width:100%;\r\n    border-radius:0px;\r\n    margin:0px auto;\"\r\n         data-name=\"Salle Jean Zay\"\r\n         data-type=\"ROADMAP\"\r\n         data-zoom=\"17\"\r\n         data-min-zoom=\"2\"\r\n         data-max-zoom=\"22\"\r\n         data-locator-enabled=\"0\"\r\n         data-img-url        =\"https:\/\/tti.asso.fr\/wp-content\/plugins\/google-maps\/assets\/images\/\"\r\n         data-border-radius=\"0\"\r\n         data-center-lat=\"50.3012688\"\r\n         data-center-lng=\"2.7982357999999\"\r\n         data-pan-controller=\"1\"\r\n         data-zoom-controller=\"1\"\r\n         data-type-controller=\"1\"\r\n         data-scale-controller=\"1\"\r\n         data-street-view-controller=\"1\"\r\n         data-overview-map-controller=\"1\"\r\n         data-width=\"100\"\r\n         data-height=\"300\"\r\n         data-align=\"center\"\r\n         data-info-type=\"click\"\r\n         data-open-infowindows-onload=\"0\"\r\n         data-animation=\"none\"\r\n         data-language=\"location based\"\r\n         data-draggable=\"1\"\r\n         data-wheel-scroll=\"1\"\r\n         data-traffic-layer=\"0\"\r\n         data-bike-layer=\"0\"\r\n         data-transit-layer=\"0\"\r\n         data-styling-hue=\"\"\r\n         data-styling-lightness=\"0\"\r\n         data-styling-gamma=\"1\"\r\n         data-styling-saturation=\"0\"><\/div>\r\n<\/div>\r\n\n<p><img loading=\"lazy\" class=\"alignnone size-medium wp-image-64\" src=\"http:\/\/tti.asso.fr\/wp-content\/uploads\/2017\/04\/DSC_0003-300x199-300x199.jpg\" alt=\"\" width=\"300\" height=\"199\" \/><\/p>\n<p><img loading=\"lazy\" class=\"alignnone size-medium wp-image-66\" src=\"http:\/\/tti.asso.fr\/wp-content\/uploads\/2017\/04\/DSC_0030-300x199-300x199.jpg\" alt=\"\" width=\"300\" height=\"199\" \/><\/p>\n<\/div>\n","protected":false},"excerpt":{"rendered":"<p>T.T.I. Saint Laurent Blangy Tennis de table \u00e0 SAINT-LAURENT-BLANGY, 62223 Arrageois, Communaut\u00e9 Urbaine d&rsquo;Arras Type de pratique : Loisirs \/ Comp\u00e9tition Lieu de pratique : Salle Jean Zay, rue du 8 Mai 1945 62223 SAINT LAURENT BLANGY Type de terrain : Salle sp\u00e9cifique \/\/\/ Gymnase Contact: T\u00e9l\u00e9phone Salle : 03 21 59 98 31 (17h <a class=\"read-more\" href=\"https:\/\/tti.asso.fr\/index.php\/infos\/la-salle\/\">Read More<\/a><\/p>\n","protected":false},"author":1,"featured_media":0,"parent":87,"menu_order":0,"comment_status":"closed","ping_status":"closed","template":"","meta":[],"_links":{"self":[{"href":"https:\/\/tti.asso.fr\/index.php\/wp-json\/wp\/v2\/pages\/60"}],"collection":[{"href":"https:\/\/tti.asso.fr\/index.php\/wp-json\/wp\/v2\/pages"}],"about":[{"href":"https:\/\/tti.asso.fr\/index.php\/wp-json\/wp\/v2\/types\/page"}],"author":[{"embeddable":true,"href":"https:\/\/tti.asso.fr\/index.php\/wp-json\/wp\/v2\/users\/1"}],"replies":[{"embeddable":true,"href":"https:\/\/tti.asso.fr\/index.php\/wp-json\/wp\/v2\/comments?post=60"}],"version-history":[{"count":6,"href":"https:\/\/tti.asso.fr\/index.php\/wp-json\/wp\/v2\/pages\/60\/revisions"}],"predecessor-version":[{"id":873,"href":"https:\/\/tti.asso.fr\/index.php\/wp-json\/wp\/v2\/pages\/60\/revisions\/873"}],"up":[{"embeddable":true,"href":"https:\/\/tti.asso.fr\/index.php\/wp-json\/wp\/v2\/pages\/87"}],"wp:attachment":[{"href":"https:\/\/tti.asso.fr\/index.php\/wp-json\/wp\/v2\/media?parent=60"}],"curies":[{"name":"wp","href":"https:\/\/api.w.org\/{rel}","templated":true}]}}