{"id":676,"date":"2017-05-14T21:50:01","date_gmt":"2017-05-14T19:50:01","guid":{"rendered":"https:\/\/tti.asso.fr\/?page_id=676"},"modified":"2017-07-11T14:48:15","modified_gmt":"2017-07-11T12:48:15","slug":"assurance","status":"publish","type":"page","link":"https:\/\/tti.asso.fr\/index.php\/infos\/la-licence\/assurance\/","title":{"rendered":"Assurance"},"content":{"rendered":"<h2 style=\"text-align: center;\"><span style=\"color: #ff0000;\"><strong>Garantie d&rsquo;assurance<\/strong><\/span><\/h2>\n<p>&nbsp;<\/p>\n<p style=\"text-align: left;\"><strong><span style=\"color: #000000;\">Le fait de prendre une licence entra\u00eene obligatoirement la souscription \u00e0 une assurance partenaire de la FFTT au niveau de garantie le plus bas (Co\u00fbt = 0,20\u20ac compris dans le prix de la licence). Celle-ci \u00e0 plusieurs niveau de garantie.<br \/>\n<\/span><span style=\"color: #000000;\">Si vous souhaitez souscrire un niveau de garantie plus \u00e9lev\u00e9, veuillez contactez H\u00e9l\u00e8ne ou le bureau.<br \/>\n<\/span><\/strong><\/p>\n<p style=\"text-align: left;\"><strong><span style=\"color: #0000ff;\">Les diff\u00e9rents documents relatifs \u00e0 l&rsquo;assurance :<\/span><\/strong><\/p>\n<p style=\"text-align: left;\"><a href=\"https:\/\/tti.asso.fr\/wp-content\/uploads\/2017\/05\/resume-garanties-assurance-06-2017-1837.pdf\">resume-garanties-assurance-06-2017-1837<\/a><\/p>\n<p style=\"text-align: left;\"><a href=\"https:\/\/tti.asso.fr\/wp-content\/uploads\/2017\/05\/tableau-garanties-et-franchises-06-2017-1836.pdf\">tableau-garanties-et-franchises-06-2017-1836<\/a><\/p>\n<p style=\"text-align: left;\"><a href=\"https:\/\/tti.asso.fr\/wp-content\/uploads\/2017\/05\/tarif-garanties-complementaires-06-2017-1835.pdf\">tarif-garanties-complementaires-06-2017-1835<\/a><\/p>\n<p style=\"text-align: left;\"><a href=\"https:\/\/tti.asso.fr\/wp-content\/uploads\/2017\/05\/avis-de-sinistre-23-06-2017-1842.pdf\">avis-de-sinistre-23-06-2017-1842<\/a><\/p>\n","protected":false},"excerpt":{"rendered":"<p>Garantie d&rsquo;assurance &nbsp; Le fait de prendre une licence entra\u00eene obligatoirement la souscription \u00e0 une assurance partenaire de la FFTT au niveau de garantie le plus bas (Co\u00fbt = 0,20\u20ac compris dans le prix de la licence). Celle-ci \u00e0 plusieurs niveau de garantie. Si vous souhaitez souscrire un niveau de garantie plus \u00e9lev\u00e9, veuillez contactez <a class=\"read-more\" href=\"https:\/\/tti.asso.fr\/index.php\/infos\/la-licence\/assurance\/\">Read More<\/a><\/p>\n","protected":false},"author":8,"featured_media":0,"parent":670,"menu_order":0,"comment_status":"closed","ping_status":"closed","template":"","meta":[],"_links":{"self":[{"href":"https:\/\/tti.asso.fr\/index.php\/wp-json\/wp\/v2\/pages\/676"}],"collection":[{"href":"https:\/\/tti.asso.fr\/index.php\/wp-json\/wp\/v2\/pages"}],"about":[{"href":"https:\/\/tti.asso.fr\/index.php\/wp-json\/wp\/v2\/types\/page"}],"author":[{"embeddable":true,"href":"https:\/\/tti.asso.fr\/index.php\/wp-json\/wp\/v2\/users\/8"}],"replies":[{"embeddable":true,"href":"https:\/\/tti.asso.fr\/index.php\/wp-json\/wp\/v2\/comments?post=676"}],"version-history":[{"count":4,"href":"https:\/\/tti.asso.fr\/index.php\/wp-json\/wp\/v2\/pages\/676\/revisions"}],"predecessor-version":[{"id":802,"href":"https:\/\/tti.asso.fr\/index.php\/wp-json\/wp\/v2\/pages\/676\/revisions\/802"}],"up":[{"embeddable":true,"href":"https:\/\/tti.asso.fr\/index.php\/wp-json\/wp\/v2\/pages\/670"}],"wp:attachment":[{"href":"https:\/\/tti.asso.fr\/index.php\/wp-json\/wp\/v2\/media?parent=676"}],"curies":[{"name":"wp","href":"https:\/\/api.w.org\/{rel}","templated":true}]}}