{"id":678,"date":"2017-05-14T22:01:13","date_gmt":"2017-05-14T20:01:13","guid":{"rendered":"https:\/\/tti.asso.fr\/?page_id=678"},"modified":"2017-07-13T22:46:38","modified_gmt":"2017-07-13T20:46:38","slug":"certificat-medical","status":"publish","type":"page","link":"https:\/\/tti.asso.fr\/index.php\/infos\/la-licence\/certificat-medical\/","title":{"rendered":"Certificat M\u00e9dical"},"content":{"rendered":"<h3 style=\"text-align: center;\"><span style=\"color: #ff0000;\"><strong>Le certificat m\u00e9dical et l&rsquo;autoquestionnaire m\u00e9dical<\/strong><\/span><\/h3>\n<p>&nbsp;<\/p>\n<p style=\"text-align: left;\"><strong><span style=\"color: #000000;\">Pour toute premi\u00e8re adh\u00e9sion au TTI vous devez fournir un certificat m\u00e9dical.<\/span><\/strong><\/p>\n<p style=\"text-align: left;\"><strong><span style=\"color: #000000;\">Pour tout renouvellement de licence vous avez le choix entre:<\/span><\/strong><\/p>\n<ul style=\"text-align: left;\">\n<li><span style=\"color: #008000;\"><strong>Fournir un nouveau certificat m\u00e9dical<\/strong><\/span><\/li>\n<li><span style=\"color: #008000;\"><strong>Fournir une attestation sign\u00e9e de l&rsquo;autoquestionnaire m\u00e9dical (Notez que la FFTT et le club se d\u00e9sengagent de toute responsabilit\u00e9 en cas de blessure suite \u00e0 un renouvellement de certificat m\u00e9dical)<\/strong><\/span><\/li>\n<\/ul>\n<p style=\"text-align: left;\"><strong><span style=\"color: #ff0000;\">Sachez que tous les 3 ans un nouveau certificat m\u00e9dical sera obligatoire.<\/span><\/strong><\/p>\n<p style=\"text-align: left;\"><strong><span style=\"color: #000000;\">Les documents:<\/span><\/strong><\/p>\n<p style=\"text-align: left;\"><a href=\"https:\/\/tti.asso.fr\/wp-content\/uploads\/2017\/05\/Autoquestionnaire-m\u00e9dical.docx\">Autoquestionnaire m\u00e9dical information<\/a><\/p>\n<p style=\"text-align: left;\"><a href=\"https:\/\/tti.asso.fr\/wp-content\/uploads\/2017\/05\/Autoquestionnaire-Certificat-M\u00e9dical.pdf\">Autoquestionnaire Certificat M\u00e9dical et Attestation<\/a><\/p>\n<p style=\"text-align: left;\">\n","protected":false},"excerpt":{"rendered":"<p>Le certificat m\u00e9dical et l&rsquo;autoquestionnaire m\u00e9dical &nbsp; Pour toute premi\u00e8re adh\u00e9sion au TTI vous devez fournir un certificat m\u00e9dical. Pour tout renouvellement de licence vous avez le choix entre: Fournir un nouveau certificat m\u00e9dical Fournir une attestation sign\u00e9e de l&rsquo;autoquestionnaire m\u00e9dical (Notez que la FFTT et le club se d\u00e9sengagent de toute responsabilit\u00e9 en cas <a class=\"read-more\" href=\"https:\/\/tti.asso.fr\/index.php\/infos\/la-licence\/certificat-medical\/\">Read More<\/a><\/p>\n","protected":false},"author":8,"featured_media":0,"parent":670,"menu_order":0,"comment_status":"closed","ping_status":"closed","template":"","meta":[],"_links":{"self":[{"href":"https:\/\/tti.asso.fr\/index.php\/wp-json\/wp\/v2\/pages\/678"}],"collection":[{"href":"https:\/\/tti.asso.fr\/index.php\/wp-json\/wp\/v2\/pages"}],"about":[{"href":"https:\/\/tti.asso.fr\/index.php\/wp-json\/wp\/v2\/types\/page"}],"author":[{"embeddable":true,"href":"https:\/\/tti.asso.fr\/index.php\/wp-json\/wp\/v2\/users\/8"}],"replies":[{"embeddable":true,"href":"https:\/\/tti.asso.fr\/index.php\/wp-json\/wp\/v2\/comments?post=678"}],"version-history":[{"count":5,"href":"https:\/\/tti.asso.fr\/index.php\/wp-json\/wp\/v2\/pages\/678\/revisions"}],"predecessor-version":[{"id":854,"href":"https:\/\/tti.asso.fr\/index.php\/wp-json\/wp\/v2\/pages\/678\/revisions\/854"}],"up":[{"embeddable":true,"href":"https:\/\/tti.asso.fr\/index.php\/wp-json\/wp\/v2\/pages\/670"}],"wp:attachment":[{"href":"https:\/\/tti.asso.fr\/index.php\/wp-json\/wp\/v2\/media?parent=678"}],"curies":[{"name":"wp","href":"https:\/\/api.w.org\/{rel}","templated":true}]}}