{"id":69,"date":"2017-04-28T19:53:37","date_gmt":"2017-04-28T17:53:37","guid":{"rendered":"http:\/\/tti.asso.fr\/?page_id=69"},"modified":"2020-09-02T16:43:56","modified_gmt":"2020-09-02T14:43:56","slug":"senior-par-equipe","status":"publish","type":"page","link":"https:\/\/tti.asso.fr\/index.php\/competitions\/senior-par-equipe\/","title":{"rendered":"Senior par \u00e9quipe"},"content":{"rendered":"<style>\niframe {<br \/>\n  pointer-events: none;<br \/>\n}<br \/>\n<\/style>\n<table>\n<tbody>\n<tr>\n<td>Equipe 1 &#8211; Pr\u00e9-nationale<\/p>\n<p>Probl\u00e8me lors de la r\u00e9cup\u00e9ration des r\u00e9sultats<\/td>\n<td>Equipe 2 &#8211; Pr\u00e9-nationale<\/p>\n<p><iframe frameborder=\"1\" name=\"pingpocket\" width=\"100%\" height=\"525px\" scrolling=\"no\" src=\"https:\/\/www.pingpocket.fr\/app\/fftt\/clubs\/07620111\/equipes\/2\/championnats\/masculin\"><\/p>\n<p>iframe non support\u00e9e<\/p>\n<p><\/iframe><\/td>\n<\/tr>\n<tr>\n<td>Equipe 3 &#8211; R\u00e9gionale 1<\/p>\n<p><iframe frameborder=\"1\" name=\"pingpocket\" width=\"100%\" height=\"525px\" scrolling=\"no\" src=\"https:\/\/www.pingpocket.fr\/app\/fftt\/clubs\/07620111\/equipes\/3\/championnats\/masculin\"><\/p>\n<p>iframe non support\u00e9e<\/p>\n<p><\/iframe><\/td>\n<td>Equipe 4 &#8211; R\u00e9gionale 2<\/p>\n<p><iframe frameborder=\"1\" name=\"pingpocket\" width=\"100%\" height=\"525px\" scrolling=\"no\" src=\"https:\/\/www.pingpocket.fr\/app\/fftt\/clubs\/07620111\/equipes\/4\/championnats\/masculin\"><\/p>\n<p>iframe non support\u00e9e<\/p>\n<p><\/iframe><\/td>\n<\/tr>\n<tr>\n<td>Equipe 5 &#8211; R\u00e9gionale 3<\/p>\n<p><iframe frameborder=\"1\" name=\"pingpocket\" width=\"100%\" height=\"525px\" scrolling=\"no\" src=\"https:\/\/www.pingpocket.fr\/app\/fftt\/clubs\/07620111\/equipes\/5\/championnats\/masculin\"><\/p>\n<p>iframe non support\u00e9e<\/p>\n<p><\/iframe><\/td>\n<td>Equipe 6 &#8211; R\u00e9gionale 3<\/p>\n<p><iframe frameborder=\"1\" name=\"pingpocket\" width=\"100%\" height=\"525px\" scrolling=\"no\" src=\"https:\/\/www.pingpocket.fr\/app\/fftt\/clubs\/07620111\/equipes\/6\/championnats\/masculin\"><\/p>\n<p>iframe non support\u00e9e<\/p>\n<p><\/iframe><\/td>\n<\/tr>\n<tr>\n<td>Equipe 7 &#8211; R\u00e9gionale 4<\/p>\n<p><iframe frameborder=\"1\" name=\"pingpocket\" width=\"100%\" height=\"525px\" scrolling=\"no\" src=\"https:\/\/www.pingpocket.fr\/app\/fftt\/clubs\/07620111\/equipes\/7\/championnats\/masculin\"><\/p>\n<p>iframe non support\u00e9e<\/p>\n<p><\/iframe><\/td>\n<td>Equipe 8 &#8211; D\u00e9partementale 1<\/p>\n<p><iframe frameborder=\"1\" name=\"pingpocket\" width=\"100%\" height=\"525px\" scrolling=\"no\" src=\"https:\/\/www.pingpocket.fr\/app\/fftt\/clubs\/07620111\/equipes\/8\/championnats\/masculin\"><\/p>\n<p>iframe non support\u00e9e<\/p>\n<p><\/iframe><\/td>\n<\/tr>\n<tr>\n<td>Equipe 9 &#8211; D\u00e9partementale 1<\/p>\n<p><iframe frameborder=\"1\" name=\"pingpocket\" width=\"100%\" height=\"525px\" scrolling=\"no\" src=\"https:\/\/www.pingpocket.fr\/app\/fftt\/clubs\/07620111\/equipes\/9\/championnats\/masculin\"><\/p>\n<p>iframe non support\u00e9e<\/p>\n<p><\/iframe><\/td>\n<td>Equipe 10 &#8211; D\u00e9partementale 1<\/p>\n<p><iframe frameborder=\"1\" name=\"pingpocket\" width=\"100%\" height=\"525px\" scrolling=\"no\" src=\"https:\/\/www.pingpocket.fr\/app\/fftt\/clubs\/07620111\/equipes\/10\/championnats\/masculin\"><\/p>\n<p>iframe non support\u00e9e<\/p>\n<p><\/iframe><\/td>\n<\/tr>\n<tr>\n<td>Equipe 11 &#8211; D\u00e9partementale 3<\/p>\n<p><iframe frameborder=\"1\" name=\"pingpocket\" width=\"100%\" height=\"525px\" scrolling=\"no\" src=\"https:\/\/www.pingpocket.fr\/app\/fftt\/clubs\/07620111\/equipes\/11\/championnats\/masculin\"><\/p>\n<p>iframe non support\u00e9e<\/p>\n<p><\/iframe><\/td>\n<td>Equipe 12 &#8211; D\u00e9partementale 3<\/p>\n<p><iframe frameborder=\"1\" name=\"pingpocket\" width=\"100%\" height=\"525px\" scrolling=\"no\" src=\"https:\/\/www.pingpocket.fr\/app\/fftt\/clubs\/07620111\/equipes\/12\/championnats\/masculin\"><\/p>\n<p>iframe non support\u00e9e<\/p>\n<p><\/iframe><\/td>\n<\/tr>\n<\/tbody>\n<\/table>\n","protected":false},"excerpt":{"rendered":"<p>Equipe 1 &#8211; Pr\u00e9-nationale Equipe 2 &#8211; Pr\u00e9-nationale iframe non support\u00e9e Equipe 3 &#8211; R\u00e9gionale 1 iframe non support\u00e9e Equipe 4 &#8211; R\u00e9gionale 2 iframe non support\u00e9e Equipe 5 &#8211; R\u00e9gionale 3 iframe non support\u00e9e Equipe 6 &#8211; R\u00e9gionale 3 iframe non support\u00e9e Equipe 7 &#8211; R\u00e9gionale 4 iframe non support\u00e9e Equipe 8 &#8211; D\u00e9partementale <a class=\"read-more\" href=\"https:\/\/tti.asso.fr\/index.php\/competitions\/senior-par-equipe\/\">Read More<\/a><\/p>\n","protected":false},"author":1,"featured_media":0,"parent":49,"menu_order":0,"comment_status":"closed","ping_status":"closed","template":"","meta":[],"_links":{"self":[{"href":"https:\/\/tti.asso.fr\/index.php\/wp-json\/wp\/v2\/pages\/69"}],"collection":[{"href":"https:\/\/tti.asso.fr\/index.php\/wp-json\/wp\/v2\/pages"}],"about":[{"href":"https:\/\/tti.asso.fr\/index.php\/wp-json\/wp\/v2\/types\/page"}],"author":[{"embeddable":true,"href":"https:\/\/tti.asso.fr\/index.php\/wp-json\/wp\/v2\/users\/1"}],"replies":[{"embeddable":true,"href":"https:\/\/tti.asso.fr\/index.php\/wp-json\/wp\/v2\/comments?post=69"}],"version-history":[{"count":27,"href":"https:\/\/tti.asso.fr\/index.php\/wp-json\/wp\/v2\/pages\/69\/revisions"}],"predecessor-version":[{"id":1542,"href":"https:\/\/tti.asso.fr\/index.php\/wp-json\/wp\/v2\/pages\/69\/revisions\/1542"}],"up":[{"embeddable":true,"href":"https:\/\/tti.asso.fr\/index.php\/wp-json\/wp\/v2\/pages\/49"}],"wp:attachment":[{"href":"https:\/\/tti.asso.fr\/index.php\/wp-json\/wp\/v2\/media?parent=69"}],"curies":[{"name":"wp","href":"https:\/\/api.w.org\/{rel}","templated":true}]}}