{"id":696,"date":"2017-05-15T09:31:43","date_gmt":"2017-05-15T07:31:43","guid":{"rendered":"https:\/\/tti.asso.fr\/?page_id=696"},"modified":"2020-09-02T15:05:23","modified_gmt":"2020-09-02T13:05:23","slug":"documents-dinscription","status":"publish","type":"page","link":"https:\/\/tti.asso.fr\/index.php\/infos\/la-licence\/documents-dinscription\/","title":{"rendered":"Documents d&rsquo;inscription"},"content":{"rendered":"<h4 style=\"text-align: center;\"><span style=\"color: #ff0000;\"><strong>Imprimez les documents ci-dessous ou demandez-les au bureau du TTI.<\/strong><\/span><\/h4>\n<p style=\"text-align: left;\"><strong><span style=\"color: #ff0000;\">Pour qu&rsquo;une licence soit valid\u00e9e, il faut rendre le bulletin d&rsquo;adh\u00e9sion ou de renouvellement de licence d\u00fbment compl\u00e9ter et signer, ainsi qu&rsquo;un certificat m\u00e9dical ou attestation d&rsquo;autoquestionnaire sign\u00e9e, et payer sa cotisation (faciliter de paiement =&gt; Voir page Tarifs) !<\/span><\/strong><\/p>\n<p style=\"text-align: left;\"><span style=\"color: #339966;\"><strong>Dossier de premi\u00e8re inscription :<\/strong><\/span><\/p>\n<ul>\n<li style=\"text-align: left;\"><a href=\"https:\/\/tti.asso.fr\/wp-content\/uploads\/2018\/09\/Demande-de-licence.docx\">Demande de licence<\/a><\/li>\n<li style=\"text-align: left;\"><a href=\"https:\/\/tti.asso.fr\/wp-content\/uploads\/2018\/09\/Fiche-de-renseignements.docx\">Fiche de renseignements<\/a><\/li>\n<li style=\"text-align: left;\"><a href=\"https:\/\/tti.asso.fr\/wp-content\/uploads\/2018\/09\/Page-de-garde.docx\">Page de garde<\/a><\/li>\n<li style=\"text-align: left;\"><a href=\"https:\/\/tti.asso.fr\/index.php\/infos\/entrainements\/\">Planning-entra\u00eenement<\/a><\/li>\n<li style=\"text-align: left;\"><a href=\"https:\/\/tti.asso.fr\/wp-content\/uploads\/2018\/09\/Tarifs-cotisation-2018-2019.xls\">Tarifs cotisation\u00a0<\/a><\/li>\n<\/ul>\n<p style=\"text-align: left;\"><a href=\"https:\/\/tti.asso.fr\/wp-content\/uploads\/2017\/05\/Renouvellement-de-licence-doc-type.docx\">Renouvellement de licence <\/a>\u00a0(Uniquement si vous n&rsquo;avez pas re\u00e7u la votre en main propre ou par courrier au 20 ao\u00fbt)<\/p>\n<p style=\"text-align: left;\"><a href=\"https:\/\/tti.asso.fr\/wp-content\/uploads\/2017\/05\/Autoquestionnaire-Certificat-M\u00e9dical.pdf\">Autoquestionnaire Certificat M\u00e9dical et Attestation<\/a><\/p>\n<p style=\"text-align: left;\">\n","protected":false},"excerpt":{"rendered":"<p>Imprimez les documents ci-dessous ou demandez-les au bureau du TTI. Pour qu&rsquo;une licence soit valid\u00e9e, il faut rendre le bulletin d&rsquo;adh\u00e9sion ou de renouvellement de licence d\u00fbment compl\u00e9ter et signer, ainsi qu&rsquo;un certificat m\u00e9dical ou attestation d&rsquo;autoquestionnaire sign\u00e9e, et payer sa cotisation (faciliter de paiement =&gt; Voir page Tarifs) ! Dossier de premi\u00e8re inscription : <a class=\"read-more\" href=\"https:\/\/tti.asso.fr\/index.php\/infos\/la-licence\/documents-dinscription\/\">Read More<\/a><\/p>\n","protected":false},"author":8,"featured_media":0,"parent":670,"menu_order":0,"comment_status":"closed","ping_status":"closed","template":"","meta":[],"_links":{"self":[{"href":"https:\/\/tti.asso.fr\/index.php\/wp-json\/wp\/v2\/pages\/696"}],"collection":[{"href":"https:\/\/tti.asso.fr\/index.php\/wp-json\/wp\/v2\/pages"}],"about":[{"href":"https:\/\/tti.asso.fr\/index.php\/wp-json\/wp\/v2\/types\/page"}],"author":[{"embeddable":true,"href":"https:\/\/tti.asso.fr\/index.php\/wp-json\/wp\/v2\/users\/8"}],"replies":[{"embeddable":true,"href":"https:\/\/tti.asso.fr\/index.php\/wp-json\/wp\/v2\/comments?post=696"}],"version-history":[{"count":9,"href":"https:\/\/tti.asso.fr\/index.php\/wp-json\/wp\/v2\/pages\/696\/revisions"}],"predecessor-version":[{"id":1536,"href":"https:\/\/tti.asso.fr\/index.php\/wp-json\/wp\/v2\/pages\/696\/revisions\/1536"}],"up":[{"embeddable":true,"href":"https:\/\/tti.asso.fr\/index.php\/wp-json\/wp\/v2\/pages\/670"}],"wp:attachment":[{"href":"https:\/\/tti.asso.fr\/index.php\/wp-json\/wp\/v2\/media?parent=696"}],"curies":[{"name":"wp","href":"https:\/\/api.w.org\/{rel}","templated":true}]}}