{"id":815,"date":"2017-07-11T22:49:26","date_gmt":"2017-07-11T20:49:26","guid":{"rendered":"https:\/\/tti.asso.fr\/?page_id=815"},"modified":"2017-07-11T22:49:26","modified_gmt":"2017-07-11T20:49:26","slug":"nos-sponsors","status":"publish","type":"page","link":"https:\/\/tti.asso.fr\/index.php\/communication\/nos-sponsors\/","title":{"rendered":"Nos Sponsors"},"content":{"rendered":"<h1 style=\"text-align: center;\"><span style=\"color: #ff0000;\"><strong>Merci \u00e0 nos sponsors, partenaires et institutions pour leur soutien !<\/strong><\/span><\/h1>\n<p>&nbsp;<\/p>\n<p>&#8211; <span style=\"color: #000000;\"><strong>Mairie de Saint Laurent Blangy<br \/>\n&#8211; Wack Sport (mat\u00e9riel de tennis de table)<\/strong><\/span><\/p>\n<p><span style=\"color: #000000;\">&#8211; <strong>Chr\u00e9tien (Magasin de bricolage)<br \/>\n&#8211; Lesot (Ets. Electricit\u00e9 g\u00e9n\u00e9rale)<br \/>\n&#8211; Cr\u00e9dit mutuel (Banque)<br \/>\n&#8211; Carrefour city (Epicerie)<br \/>\n&#8211; Les jardins de Saint Laurent (Restaurant \/ Traiteur)<br \/>\n&#8211; Alain Beugnet (Publicit\u00e9)<br \/>\n&#8211; Au jardin d&rsquo;enfants (Cr\u00e8che)<br \/>\n&#8211; Leclerc (Hypermarch\u00e9)<br \/>\n&#8211; Chez Freddy (Boucherie \/ Charcuterie \/ Chevaline)<br \/>\n&#8211; Kris (Opticien)<br \/>\n&#8211; Cabinet Phillipe Pouchain (Maitrise d&rsquo;Oeuvre et Etudes V.R.D.)<br \/>\n&#8211; ETS Maille (Chauffage \/ Sanitaire \/ Ventilation \/ Climatisation)<br \/>\n&#8211; Doriane Couture (Couture)<br \/>\n&#8211; Zanuttini (Epicerie fine \/ P\u00e2tes \/ Pizza \/ Traiteur Italien)<br \/>\n&#8211; SARL Pierre No\u00e9 (Electricit\u00e9 g\u00e9n\u00e9rale \/ Domotique \/ Eclairage public)<br \/>\n&#8211; I Tech ( Informatique, vente et r\u00e9paration)<br \/>\n&#8211; Jean Lefevre (Genie civil \/ Bat\u00eement \/ V.R.D.)<\/p>\n<p><\/strong><\/span><\/p>\n<p style=\"text-align: center;\"><img loading=\"lazy\" class=\"alignnone wp-image-816 \" src=\"https:\/\/tti.asso.fr\/wp-content\/uploads\/2017\/07\/Sponsors-1.jpg\" alt=\"\" width=\"711\" height=\"429\" srcset=\"https:\/\/tti.asso.fr\/wp-content\/uploads\/2017\/07\/Sponsors-1.jpg 778w, https:\/\/tti.asso.fr\/wp-content\/uploads\/2017\/07\/Sponsors-1-300x181.jpg 300w, https:\/\/tti.asso.fr\/wp-content\/uploads\/2017\/07\/Sponsors-1-768x463.jpg 768w\" sizes=\"(max-width: 711px) 100vw, 711px\" \/> <img loading=\"lazy\" class=\"alignnone wp-image-817 \" src=\"https:\/\/tti.asso.fr\/wp-content\/uploads\/2017\/07\/Sponsors-2.jpg\" alt=\"\" width=\"725\" height=\"404\" srcset=\"https:\/\/tti.asso.fr\/wp-content\/uploads\/2017\/07\/Sponsors-2.jpg 792w, https:\/\/tti.asso.fr\/wp-content\/uploads\/2017\/07\/Sponsors-2-300x167.jpg 300w, https:\/\/tti.asso.fr\/wp-content\/uploads\/2017\/07\/Sponsors-2-768x428.jpg 768w\" sizes=\"(max-width: 725px) 100vw, 725px\" \/> <img loading=\"lazy\" class=\"alignnone wp-image-818 \" src=\"https:\/\/tti.asso.fr\/wp-content\/uploads\/2017\/07\/Sponsors-3.jpg\" alt=\"\" width=\"708\" height=\"482\" srcset=\"https:\/\/tti.asso.fr\/wp-content\/uploads\/2017\/07\/Sponsors-3.jpg 754w, https:\/\/tti.asso.fr\/wp-content\/uploads\/2017\/07\/Sponsors-3-300x204.jpg 300w\" sizes=\"(max-width: 708px) 100vw, 708px\" \/> <img loading=\"lazy\" class=\"alignnone wp-image-819 \" src=\"https:\/\/tti.asso.fr\/wp-content\/uploads\/2017\/07\/Sponsors-4.jpg\" alt=\"\" width=\"719\" height=\"623\" srcset=\"https:\/\/tti.asso.fr\/wp-content\/uploads\/2017\/07\/Sponsors-4.jpg 675w, https:\/\/tti.asso.fr\/wp-content\/uploads\/2017\/07\/Sponsors-4-300x260.jpg 300w\" sizes=\"(max-width: 719px) 100vw, 719px\" \/><\/p>\n","protected":false},"excerpt":{"rendered":"<p>Merci \u00e0 nos sponsors, partenaires et institutions pour leur soutien ! &nbsp; &#8211; Mairie de Saint Laurent Blangy &#8211; Wack Sport (mat\u00e9riel de tennis de table) &#8211; Chr\u00e9tien (Magasin de bricolage) &#8211; Lesot (Ets. Electricit\u00e9 g\u00e9n\u00e9rale) &#8211; Cr\u00e9dit mutuel (Banque) &#8211; Carrefour city (Epicerie) &#8211; Les jardins de Saint Laurent (Restaurant \/ Traiteur) &#8211; Alain <a class=\"read-more\" href=\"https:\/\/tti.asso.fr\/index.php\/communication\/nos-sponsors\/\">Read More<\/a><\/p>\n","protected":false},"author":8,"featured_media":0,"parent":40,"menu_order":0,"comment_status":"closed","ping_status":"closed","template":"","meta":[],"_links":{"self":[{"href":"https:\/\/tti.asso.fr\/index.php\/wp-json\/wp\/v2\/pages\/815"}],"collection":[{"href":"https:\/\/tti.asso.fr\/index.php\/wp-json\/wp\/v2\/pages"}],"about":[{"href":"https:\/\/tti.asso.fr\/index.php\/wp-json\/wp\/v2\/types\/page"}],"author":[{"embeddable":true,"href":"https:\/\/tti.asso.fr\/index.php\/wp-json\/wp\/v2\/users\/8"}],"replies":[{"embeddable":true,"href":"https:\/\/tti.asso.fr\/index.php\/wp-json\/wp\/v2\/comments?post=815"}],"version-history":[{"count":1,"href":"https:\/\/tti.asso.fr\/index.php\/wp-json\/wp\/v2\/pages\/815\/revisions"}],"predecessor-version":[{"id":820,"href":"https:\/\/tti.asso.fr\/index.php\/wp-json\/wp\/v2\/pages\/815\/revisions\/820"}],"up":[{"embeddable":true,"href":"https:\/\/tti.asso.fr\/index.php\/wp-json\/wp\/v2\/pages\/40"}],"wp:attachment":[{"href":"https:\/\/tti.asso.fr\/index.php\/wp-json\/wp\/v2\/media?parent=815"}],"curies":[{"name":"wp","href":"https:\/\/api.w.org\/{rel}","templated":true}]}}