{"id":92,"date":"2017-04-29T11:39:47","date_gmt":"2017-04-29T09:39:47","guid":{"rendered":"http:\/\/tti.asso.fr\/?page_id=92"},"modified":"2018-09-18T12:27:59","modified_gmt":"2018-09-18T10:27:59","slug":"le-bureau","status":"publish","type":"page","link":"https:\/\/tti.asso.fr\/index.php\/infos\/le-bureau\/","title":{"rendered":"Le bureau"},"content":{"rendered":"<p style=\"text-align: left;\"><strong>Pr\u00e9sident d&rsquo;Honneur : Jean BERNARD<\/strong><\/p>\n<p style=\"text-align: left;\"><strong>Pr\u00e9sident : G\u00e9rard CATOIRE<\/strong><\/p>\n<p style=\"text-align: left;\">Tr\u00e9sorier : Jean-Pierre DELATTRE<\/p>\n<p style=\"text-align: left;\">Tr\u00e9sorier adjoint : H\u00e9l\u00e8ne Rasselet<\/p>\n<p style=\"text-align: left;\">Secr\u00e9taire: Herv\u00e9 BERNARD<\/p>\n<p style=\"text-align: left;\">Entra\u00eeneur Responsable : Loik LAGUILLIER<\/p>\n<p style=\"text-align: left;\">Autres Entraineurs : Benjamin KROTLINSKI \/ Xavier LAGUILLIER \/\u00a0 Herv\u00e9 Bize<\/p>\n<p style=\"text-align: left;\">\n","protected":false},"excerpt":{"rendered":"<p>Pr\u00e9sident d&rsquo;Honneur : Jean BERNARD Pr\u00e9sident : G\u00e9rard CATOIRE Tr\u00e9sorier : Jean-Pierre DELATTRE Tr\u00e9sorier adjoint : H\u00e9l\u00e8ne Rasselet Secr\u00e9taire: Herv\u00e9 BERNARD Entra\u00eeneur Responsable : Loik LAGUILLIER Autres Entraineurs : Benjamin KROTLINSKI \/ Xavier LAGUILLIER \/\u00a0 Herv\u00e9 Bize<\/p>\n","protected":false},"author":1,"featured_media":0,"parent":87,"menu_order":0,"comment_status":"closed","ping_status":"closed","template":"","meta":[],"_links":{"self":[{"href":"https:\/\/tti.asso.fr\/index.php\/wp-json\/wp\/v2\/pages\/92"}],"collection":[{"href":"https:\/\/tti.asso.fr\/index.php\/wp-json\/wp\/v2\/pages"}],"about":[{"href":"https:\/\/tti.asso.fr\/index.php\/wp-json\/wp\/v2\/types\/page"}],"author":[{"embeddable":true,"href":"https:\/\/tti.asso.fr\/index.php\/wp-json\/wp\/v2\/users\/1"}],"replies":[{"embeddable":true,"href":"https:\/\/tti.asso.fr\/index.php\/wp-json\/wp\/v2\/comments?post=92"}],"version-history":[{"count":6,"href":"https:\/\/tti.asso.fr\/index.php\/wp-json\/wp\/v2\/pages\/92\/revisions"}],"predecessor-version":[{"id":1362,"href":"https:\/\/tti.asso.fr\/index.php\/wp-json\/wp\/v2\/pages\/92\/revisions\/1362"}],"up":[{"embeddable":true,"href":"https:\/\/tti.asso.fr\/index.php\/wp-json\/wp\/v2\/pages\/87"}],"wp:attachment":[{"href":"https:\/\/tti.asso.fr\/index.php\/wp-json\/wp\/v2\/media?parent=92"}],"curies":[{"name":"wp","href":"https:\/\/api.w.org\/{rel}","templated":true}]}}